{"id":12,"date":"2024-02-15T15:10:40","date_gmt":"2024-02-15T15:10:40","guid":{"rendered":"https:\/\/mtymejczyk.wordpress.com\/?page_id=8"},"modified":"2024-02-15T15:10:40","modified_gmt":"2024-02-15T15:10:40","slug":"about","status":"publish","type":"page","link":"https:\/\/tymejczyk.net\/index.php\/about\/","title":{"rendered":"O mnie"},"content":{"rendered":"\n<div style=\"height:20px\" aria-hidden=\"true\" class=\"wp-block-spacer\"><\/div>\n\n\n\n<div class=\"wp-block-group alignfull is-layout-flow wp-block-group-is-layout-flow\">\n<div class=\"wp-block-jetpack-layout-grid alignfull column1-desktop-grid__span-3 column1-desktop-grid__start-2 column1-desktop-grid__row-1 column2-desktop-grid__span-6 column2-desktop-grid__start-6 column2-desktop-grid__row-1 column1-tablet-grid__span-3 column1-tablet-grid__row-1 column2-tablet-grid__span-5 column2-tablet-grid__start-4 column2-tablet-grid__row-1 column1-mobile-grid__span-4 column1-mobile-grid__row-1 column2-mobile-grid__span-4 column2-mobile-grid__row-2\">\n<div class=\"wp-block-jetpack-layout-grid-column wp-block-jetpack-layout-grid__padding-none\">\n<figure class=\"wp-block-gallery alignright has-nested-images columns-default is-cropped wp-block-gallery-1 is-layout-flex wp-block-gallery-is-layout-flex\">\n<figure class=\"wp-block-image alignleft size-full\"><img loading=\"lazy\" decoding=\"async\" width=\"600\" height=\"600\" data-id=\"58\" src=\"https:\/\/tymejczyk.net\/wp-content\/uploads\/2020\/09\/scar.jpg\" alt=\"\" class=\"wp-image-58\" srcset=\"https:\/\/tymejczyk.net\/wp-content\/uploads\/2020\/09\/scar.jpg 600w, https:\/\/tymejczyk.net\/wp-content\/uploads\/2020\/09\/scar-300x300.jpg 300w, https:\/\/tymejczyk.net\/wp-content\/uploads\/2020\/09\/scar-150x150.jpg 150w\" sizes=\"auto, (max-width: 600px) 100vw, 600px\" \/><\/figure>\n<\/figure>\n<\/div>\n\n\n\n<div class=\"wp-block-jetpack-layout-grid-column wp-block-jetpack-layout-grid__padding-none\">\n<h2 class=\"wp-block-heading\">Cze\u015b\u0107!<\/h2>\n\n\n\n<p>Jestem Micha\u0142, in\u017cynier informatyk, na codzie\u0144 programuje w .NET<br><br><\/p>\n<\/div>\n<\/div>\n<\/div>\n\n\n\n<p><\/p>\n","protected":false},"excerpt":{"rendered":"<p>Cze\u015b\u0107! Jestem Micha\u0142, in\u017cynier informatyk, na codzie\u0144 programuje w .NET<\/p>\n","protected":false},"author":1,"featured_media":0,"parent":0,"menu_order":0,"comment_status":"closed","ping_status":"closed","template":"","meta":{"footnotes":""},"class_list":["post-12","page","type-page","status-publish","hentry"],"_links":{"self":[{"href":"https:\/\/tymejczyk.net\/index.php\/wp-json\/wp\/v2\/pages\/12","targetHints":{"allow":["GET"]}}],"collection":[{"href":"https:\/\/tymejczyk.net\/index.php\/wp-json\/wp\/v2\/pages"}],"about":[{"href":"https:\/\/tymejczyk.net\/index.php\/wp-json\/wp\/v2\/types\/page"}],"author":[{"embeddable":true,"href":"https:\/\/tymejczyk.net\/index.php\/wp-json\/wp\/v2\/users\/1"}],"replies":[{"embeddable":true,"href":"https:\/\/tymejczyk.net\/index.php\/wp-json\/wp\/v2\/comments?post=12"}],"version-history":[{"count":3,"href":"https:\/\/tymejczyk.net\/index.php\/wp-json\/wp\/v2\/pages\/12\/revisions"}],"predecessor-version":[{"id":356,"href":"https:\/\/tymejczyk.net\/index.php\/wp-json\/wp\/v2\/pages\/12\/revisions\/356"}],"wp:attachment":[{"href":"https:\/\/tymejczyk.net\/index.php\/wp-json\/wp\/v2\/media?parent=12"}],"curies":[{"name":"wp","href":"https:\/\/api.w.org\/{rel}","templated":true}]}}